{"id":609,"date":"2026-04-15T08:49:30","date_gmt":"2026-04-15T08:49:30","guid":{"rendered":"https:\/\/boekingskantoor.eu\/?page_id=609"},"modified":"2026-04-15T08:54:48","modified_gmt":"2026-04-15T08:54:48","slug":"glock-45","status":"publish","type":"page","link":"https:\/\/boekingskantoor.eu\/index.php\/glock-45\/","title":{"rendered":"Glock &#8217;45"},"content":{"rendered":"\t\t<div data-elementor-type=\"wp-page\" data-elementor-id=\"609\" class=\"elementor elementor-609\">\n\t\t\t\t<div class=\"elementor-element elementor-element-18803b3e e-flex e-con-boxed wpr-particle-no wpr-jarallax-no wpr-parallax-no wpr-sticky-section-no e-con e-parent\" data-id=\"18803b3e\" data-element_type=\"container\">\n\t\t\t\t\t<div class=\"e-con-inner\">\n\t\t\t\t<div class=\"elementor-element elementor-element-4d7a128 elementor-widget elementor-widget-heading\" data-id=\"4d7a128\" data-element_type=\"widget\" data-widget_type=\"heading.default\">\n\t\t\t\t<div class=\"elementor-widget-container\">\n\t\t\t\t\t<h2 class=\"elementor-heading-title elementor-size-default\">Glock '45<\/h2>\t\t\t\t<\/div>\n\t\t\t\t<\/div>\n\t\t\t\t\t<\/div>\n\t\t\t\t<\/div>\n\t\t<div class=\"elementor-element elementor-element-5d8ee748 e-flex e-con-boxed wpr-particle-no wpr-jarallax-no wpr-parallax-no wpr-sticky-section-no e-con e-parent\" data-id=\"5d8ee748\" data-element_type=\"container\">\n\t\t\t\t\t<div class=\"e-con-inner\">\n\t\t\t\t<div class=\"elementor-element elementor-element-269a76bc elementor-widget elementor-widget-spacer\" data-id=\"269a76bc\" data-element_type=\"widget\" data-widget_type=\"spacer.default\">\n\t\t\t\t<div class=\"elementor-widget-container\">\n\t\t\t\t\t\t\t<div class=\"elementor-spacer\">\n\t\t\t<div class=\"elementor-spacer-inner\"><\/div>\n\t\t<\/div>\n\t\t\t\t\t\t<\/div>\n\t\t\t\t<\/div>\n\t\t\t\t\t<\/div>\n\t\t\t\t<\/div>\n\t\t<div class=\"elementor-element elementor-element-66edaa45 e-flex e-con-boxed wpr-particle-no wpr-jarallax-no wpr-parallax-no wpr-sticky-section-no e-con e-parent\" data-id=\"66edaa45\" data-element_type=\"container\" data-settings=\"{&quot;background_background&quot;:&quot;classic&quot;}\">\n\t\t\t\t\t<div class=\"e-con-inner\">\n\t\t\t\t<div class=\"elementor-element elementor-element-1cd4f5d2 elementor-widget elementor-widget-image\" data-id=\"1cd4f5d2\" data-element_type=\"widget\" data-widget_type=\"image.default\">\n\t\t\t\t<div class=\"elementor-widget-container\">\n\t\t\t\t\t\t\t\t\t\t\t\t\t\t\t<img fetchpriority=\"high\" decoding=\"async\" width=\"950\" height=\"950\" src=\"https:\/\/boekingskantoor.eu\/wp-content\/uploads\/2026\/04\/Glock-45-2026-21-1024x1024.jpg\" class=\"attachment-large size-large wp-image-613\" alt=\"\" srcset=\"https:\/\/boekingskantoor.eu\/wp-content\/uploads\/2026\/04\/Glock-45-2026-21-1024x1024.jpg 1024w, https:\/\/boekingskantoor.eu\/wp-content\/uploads\/2026\/04\/Glock-45-2026-21-300x300.jpg 300w, https:\/\/boekingskantoor.eu\/wp-content\/uploads\/2026\/04\/Glock-45-2026-21-150x150.jpg 150w, https:\/\/boekingskantoor.eu\/wp-content\/uploads\/2026\/04\/Glock-45-2026-21.jpg 1440w\" sizes=\"100vw\" \/>\t\t\t\t\t\t\t\t\t\t\t\t\t\t\t<\/div>\n\t\t\t\t<\/div>\n\t\t\t\t\t<\/div>\n\t\t\t\t<\/div>\n\t\t<div class=\"elementor-element elementor-element-7eb8e206 e-flex e-con-boxed wpr-particle-no wpr-jarallax-no wpr-parallax-no wpr-sticky-section-no e-con e-parent\" data-id=\"7eb8e206\" data-element_type=\"container\">\n\t\t\t\t\t<div class=\"e-con-inner\">\n\t\t\t\t<div class=\"elementor-element elementor-element-4403eec5 elementor-widget elementor-widget-text-editor\" data-id=\"4403eec5\" data-element_type=\"widget\" data-widget_type=\"text-editor.default\">\n\t\t\t\t<div class=\"elementor-widget-container\">\n\t\t\t\t\t\t\t\t\t<p>Vrees het ergste en verwacht het beste. Een vrolijke combinatie van het slepende van country, de lach van de satire en de kracht van rock &amp; roll. Gevatte teksten, close harmony en scheurende gitaren. Dit alles met vaart en energie gebracht.<\/p>\t\t\t\t\t\t\t\t<\/div>\n\t\t\t\t<\/div>\n\t\t\t\t\t<\/div>\n\t\t\t\t<\/div>\n\t\t<div class=\"elementor-element elementor-element-3437aa49 e-flex e-con-boxed wpr-particle-no wpr-jarallax-no wpr-parallax-no wpr-sticky-section-no e-con e-parent\" data-id=\"3437aa49\" data-element_type=\"container\">\n\t\t\t\t\t<div class=\"e-con-inner\">\n\t\t<div class=\"elementor-element elementor-element-36de808f e-con-full e-flex wpr-particle-no wpr-jarallax-no wpr-parallax-no wpr-sticky-section-no e-con e-child\" data-id=\"36de808f\" data-element_type=\"container\">\n\t\t\t\t<div class=\"elementor-element elementor-element-47cef0fe elementor-widget__width-initial elementor-widget elementor-widget-text-editor\" data-id=\"47cef0fe\" data-element_type=\"widget\" data-widget_type=\"text-editor.default\">\n\t\t\t\t<div class=\"elementor-widget-container\">\n\t\t\t\t\t\t\t\t\t<p>Glock \u201945\u00a0 maakt countrysatirerock\u2019n\u2019roll. Yes, That\u2019s an actual word.<\/p><p>Het verhaal gaat dat ze samen\u00a0op een trailerpark wonen. Uit verveling zijn ze een band begonnen. \u00cdn kostuum, \u00edn de schmink, \u00fait de\u00a0comfort-zone, \u00edn de gordijnen.<br \/>Hun fascinatie voor Amerikaanse trailer trash cultuur zorgt voor gelijkenissen met televisieseries\u00a0als Trailer Park Boys en My Name is Earl. Andere voorbeelden zijn Wheeler Walker Junior, Van Kooten\u00a0en De Bie en Jiskefet: allen persiflerende acts die door middel van de combinatie van satire en goed\u00a0geschreven muziek of sketches een spiegel voorhouden aan de Amerikaanse dan wel Nederlandse\u00a0cultuur.<\/p><p>Kijk de Glockumentary hieronder en je begrijpt wat er bedoelt wordt.<\/p>\t\t\t\t\t\t\t\t<\/div>\n\t\t\t\t<\/div>\n\t\t\t\t<\/div>\n\t\t<div class=\"elementor-element elementor-element-624f9522 e-con-full e-flex wpr-particle-no wpr-jarallax-no wpr-parallax-no wpr-sticky-section-no e-con e-child\" data-id=\"624f9522\" data-element_type=\"container\">\n\t\t\t\t<\/div>\n\t\t<div class=\"elementor-element elementor-element-61748733 e-con-full e-flex wpr-particle-no wpr-jarallax-no wpr-parallax-no wpr-sticky-section-no e-con e-child\" data-id=\"61748733\" data-element_type=\"container\">\n\t\t\t\t<div class=\"elementor-element elementor-element-109f4492 elementor-widget elementor-widget-text-editor\" data-id=\"109f4492\" data-element_type=\"widget\" data-widget_type=\"text-editor.default\">\n\t\t\t\t<div class=\"elementor-widget-container\">\n\t\t\t\t\t\t\t\t\t<ul><li>Boeker: Kees Spruit<\/li><li>Mail: info@monkeyman.nl<br \/><br \/><\/li><li><a href=\"https:\/\/www.youtube.com\/watch?v=Rnq4R2j2Bvo\">Videoclip<\/a><\/li><li><a href=\"https:\/\/www.youtube.com\/watch?v=HV7TIUT25U0\">Videoclip<\/a><\/li><\/ul>\t\t\t\t\t\t\t\t<\/div>\n\t\t\t\t<\/div>\n\t\t\t\t<\/div>\n\t\t\t\t\t<\/div>\n\t\t\t\t<\/div>\n\t\t<div class=\"elementor-element elementor-element-45fee675 e-flex e-con-boxed wpr-particle-no wpr-jarallax-no wpr-parallax-no wpr-sticky-section-no e-con e-parent\" data-id=\"45fee675\" data-element_type=\"container\">\n\t\t\t\t\t<div class=\"e-con-inner\">\n\t\t\t\t<div class=\"elementor-element elementor-element-27960419 elementor-widget elementor-widget-video\" data-id=\"27960419\" data-element_type=\"widget\" data-settings=\"{&quot;youtube_url&quot;:&quot;https:\\\/\\\/www.youtube.com\\\/watch?v=Rnq4R2j2Bvo&quot;,&quot;video_type&quot;:&quot;youtube&quot;,&quot;controls&quot;:&quot;yes&quot;}\" data-widget_type=\"video.default\">\n\t\t\t\t<div class=\"elementor-widget-container\">\n\t\t\t\t\t\t\t<div class=\"elementor-wrapper elementor-open-inline\">\n\t\t\t<div class=\"elementor-video\"><\/div>\t\t<\/div>\n\t\t\t\t\t\t<\/div>\n\t\t\t\t<\/div>\n\t\t\t\t\t<\/div>\n\t\t\t\t<\/div>\n\t\t<div class=\"elementor-element elementor-element-46c497b0 e-flex e-con-boxed wpr-particle-no wpr-jarallax-no wpr-parallax-no wpr-sticky-section-no e-con e-parent\" data-id=\"46c497b0\" data-element_type=\"container\">\n\t\t\t\t\t<div class=\"e-con-inner\">\n\t\t\t\t<div class=\"elementor-element elementor-element-7ba14b1b elementor-widget elementor-widget-spacer\" data-id=\"7ba14b1b\" data-element_type=\"widget\" data-widget_type=\"spacer.default\">\n\t\t\t\t<div class=\"elementor-widget-container\">\n\t\t\t\t\t\t\t<div class=\"elementor-spacer\">\n\t\t\t<div class=\"elementor-spacer-inner\"><\/div>\n\t\t<\/div>\n\t\t\t\t\t\t<\/div>\n\t\t\t\t<\/div>\n\t\t\t\t\t<\/div>\n\t\t\t\t<\/div>\n\t\t\t\t<\/div>\n\t\t","protected":false},"excerpt":{"rendered":"<p>Glock &#8217;45 Vrees het ergste en verwacht het beste. Een vrolijke combinatie van het slepende van country, de lach van de satire en de kracht van rock &amp; roll. Gevatte teksten, close harmony en scheurende gitaren. Dit alles met vaart en energie gebracht. Glock \u201945\u00a0 maakt countrysatirerock\u2019n\u2019roll. Yes, That\u2019s an actual word. Het verhaal gaat dat ze samen\u00a0op een trailerpark wonen. Uit verveling zijn ze een band begonnen. \u00cdn kostuum, \u00edn de schmink, \u00fait de\u00a0comfort-zone, \u00edn de gordijnen.Hun fascinatie voor Amerikaanse trailer trash cultuur zorgt voor gelijkenissen met televisieseries\u00a0als Trailer Park Boys en My Name is Earl. Andere voorbeelden zijn Wheeler Walker Junior, Van Kooten\u00a0en De Bie en Jiskefet: allen persiflerende acts die door middel van de combinatie van satire en goed\u00a0geschreven muziek of sketches een spiegel voorhouden aan de Amerikaanse dan wel Nederlandse\u00a0cultuur. Kijk de Glockumentary hieronder en je begrijpt wat er bedoelt wordt. Boeker: Kees Spruit Mail: info@monkeyman.nl Videoclip Videoclip https:\/\/www.youtube.com\/watch?v=Rnq4R2j2Bvo<\/p>\n","protected":false},"author":1,"featured_media":0,"parent":0,"menu_order":0,"comment_status":"closed","ping_status":"closed","template":"elementor_header_footer","meta":{"footnotes":""},"class_list":["post-609","page","type-page","status-publish","hentry"],"_links":{"self":[{"href":"https:\/\/boekingskantoor.eu\/index.php\/wp-json\/wp\/v2\/pages\/609","targetHints":{"allow":["GET"]}}],"collection":[{"href":"https:\/\/boekingskantoor.eu\/index.php\/wp-json\/wp\/v2\/pages"}],"about":[{"href":"https:\/\/boekingskantoor.eu\/index.php\/wp-json\/wp\/v2\/types\/page"}],"author":[{"embeddable":true,"href":"https:\/\/boekingskantoor.eu\/index.php\/wp-json\/wp\/v2\/users\/1"}],"replies":[{"embeddable":true,"href":"https:\/\/boekingskantoor.eu\/index.php\/wp-json\/wp\/v2\/comments?post=609"}],"version-history":[{"count":4,"href":"https:\/\/boekingskantoor.eu\/index.php\/wp-json\/wp\/v2\/pages\/609\/revisions"}],"predecessor-version":[{"id":616,"href":"https:\/\/boekingskantoor.eu\/index.php\/wp-json\/wp\/v2\/pages\/609\/revisions\/616"}],"wp:attachment":[{"href":"https:\/\/boekingskantoor.eu\/index.php\/wp-json\/wp\/v2\/media?parent=609"}],"curies":[{"name":"wp","href":"https:\/\/api.w.org\/{rel}","templated":true}]}}